{"id":175,"date":"2024-03-30T22:15:40","date_gmt":"2024-03-30T22:15:40","guid":{"rendered":"https:\/\/tufanderince.com\/?page_id=175"},"modified":"2024-03-30T23:17:15","modified_gmt":"2024-03-30T23:17:15","slug":"video-grid-gallery","status":"publish","type":"page","link":"https:\/\/tufanderince.com\/?page_id=175","title":{"rendered":"Video  Gallery"},"content":{"rendered":"\t\t\t\t<div id='video_grid_1_emd_video-cont' class='emd-container '>\n\t\t\t\t\t\t\t\t<div id='video_grid_1_emd_video-view' class='emd-view-results'>\n\t\t\t\t\t\t\t\t<input type='hidden' id='emd_entity' name='emd_entity' value='emd_video'>\n\t\t\t\t<input type='hidden' id='emd_view' name='emd_view' value='video_grid'>\n\t\t\t\t<input type='hidden' id='emd_view_count' name='emd_view_count' value='1'>\t\n\t\t\t\t<input type='hidden' id='emd_app' name='emd_app' value='youtube_showcase'>\n\t\t\t\t<div class=\"row row-no-gutter\"><a href=\"https:\/\/tufanderince.com\/?emd_video=kurdish-folk-music-dubai-expo-concert-efrini\" title=\"Kurdish Folk Music DUBAI EXPO Concert &#8211; EFR\u0130N\u0130\">\n<div class=\"col-lg-3 col-sm-4 col-xs-6\">\n<div class=\"panel panel-info item-video\">\n  <div class=\"panel-body emd-vid\">\n            <div class=\"thumbnail\" style=\"padding:0;border: 0;border-bottom-left-radius: 0;border-bottom-right-radius: 0;\">\n                <img decoding=\"async\" style=\"width:100%;height:auto;\" src=\"https:\/\/img.youtube.com\/vi\/9Kfm6FNl394\/mqdefault.jpg\" alt=\"Kurdish Folk Music DUBAI EXPO Concert &#8211; EFR\u0130N\u0130\" \/>\n            <\/div>\n  <\/div>\n  <div class=\"panel-footer\" style=\"background-color: rgba(0, 0, 0, 0);\">Kurdish Folk Music DUBAI EXPO Concert &#8211; EFR\u0130N\u0130<\/div>\n<\/div>\n <\/div>\n<\/a><a href=\"https:\/\/tufanderince.com\/?emd_video=tufan-derince-almanyada-diyarbakirlilarin-dugunu-bomba-grani-2022\" title=\"Tufan Derince &#8211; Almanya\u2019da Diyarbakirlilarin Dugunu Bomba Grani 2022\">\n<div class=\"col-lg-3 col-sm-4 col-xs-6\">\n<div class=\"panel panel-info item-video\">\n  <div class=\"panel-body emd-vid\">\n            <div class=\"thumbnail\" style=\"padding:0;border: 0;border-bottom-left-radius: 0;border-bottom-right-radius: 0;\">\n                <img decoding=\"async\" style=\"width:100%;height:auto;\" src=\"https:\/\/img.youtube.com\/vi\/8nJexa_I-5E\/mqdefault.jpg\" alt=\"Tufan Derince &#8211; Almanya\u2019da Diyarbakirlilarin Dugunu Bomba Grani 2022\" \/>\n            <\/div>\n  <\/div>\n  <div class=\"panel-footer\" style=\"background-color: rgba(0, 0, 0, 0);\">Tufan Derince &#8211; Almanya\u2019da Diyarbakirlilarin Dugunu Bomba Grani 2022<\/div>\n<\/div>\n <\/div>\n<\/a><a href=\"https:\/\/tufanderince.com\/?emd_video=tufan-derince-grani-agir-delilo-halay-fransa-dugunu-2023\" title=\"Tufan Derince &#8211; Grani A\u011f\u0131r Delilo Halay Fransa D\u00fc\u011f\u00fcn\u00fc 2023\">\n<div class=\"col-lg-3 col-sm-4 col-xs-6\">\n<div class=\"panel panel-info item-video\">\n  <div class=\"panel-body emd-vid\">\n            <div class=\"thumbnail\" style=\"padding:0;border: 0;border-bottom-left-radius: 0;border-bottom-right-radius: 0;\">\n                <img decoding=\"async\" style=\"width:100%;height:auto;\" src=\"https:\/\/img.youtube.com\/vi\/fMtpkibKajU\/mqdefault.jpg\" alt=\"Tufan Derince &#8211; Grani A\u011f\u0131r Delilo Halay Fransa D\u00fc\u011f\u00fcn\u00fc 2023\" \/>\n            <\/div>\n  <\/div>\n  <div class=\"panel-footer\" style=\"background-color: rgba(0, 0, 0, 0);\">Tufan Derince &#8211; Grani A\u011f\u0131r Delilo Halay Fransa D\u00fc\u011f\u00fcn\u00fc 2023<\/div>\n<\/div>\n <\/div>\n<\/a><a href=\"https:\/\/tufanderince.com\/?emd_video=tufan-derince-aram-serhad-grup-seyran-grani-2023\" title=\"Tufan Derince Aram Serhad Grup Seyran GRANI 2023\">\n<div class=\"col-lg-3 col-sm-4 col-xs-6\">\n<div class=\"panel panel-info item-video\">\n  <div class=\"panel-body emd-vid\">\n            <div class=\"thumbnail\" style=\"padding:0;border: 0;border-bottom-left-radius: 0;border-bottom-right-radius: 0;\">\n                <img decoding=\"async\" style=\"width:100%;height:auto;\" src=\"https:\/\/img.youtube.com\/vi\/Z8SkCVv34Vs\/mqdefault.jpg\" alt=\"Tufan Derince Aram Serhad Grup Seyran GRANI 2023\" \/>\n            <\/div>\n  <\/div>\n  <div class=\"panel-footer\" style=\"background-color: rgba(0, 0, 0, 0);\">Tufan Derince Aram Serhad Grup Seyran GRANI 2023<\/div>\n<\/div>\n <\/div>\n<\/a><a href=\"https:\/\/tufanderince.com\/?emd_video=tufan-derince-avrupada-dehset-dugun-keseo-ve-grani\" title=\"Tufan Derince &#8211; Avrupada Deh\u015fet D\u00fcg\u00fcn Ke\u015feo Ve Grani\">\n<div class=\"col-lg-3 col-sm-4 col-xs-6\">\n<div class=\"panel panel-info item-video\">\n  <div class=\"panel-body emd-vid\">\n            <div class=\"thumbnail\" style=\"padding:0;border: 0;border-bottom-left-radius: 0;border-bottom-right-radius: 0;\">\n                <img decoding=\"async\" style=\"width:100%;height:auto;\" src=\"https:\/\/img.youtube.com\/vi\/hNfMrRulDjM\/mqdefault.jpg\" alt=\"Tufan Derince &#8211; Avrupada Deh\u015fet D\u00fcg\u00fcn Ke\u015feo Ve Grani\" \/>\n            <\/div>\n  <\/div>\n  <div class=\"panel-footer\" style=\"background-color: rgba(0, 0, 0, 0);\">Tufan Derince &#8211; Avrupada Deh\u015fet D\u00fcg\u00fcn Ke\u015feo Ve Grani<\/div>\n<\/div>\n <\/div>\n<\/a><a href=\"https:\/\/tufanderince.com\/?emd_video=londrada-grani-agir-delilo-yeni-2022-tufan-derince-ft-grup-seyran\" title=\"Londra\u2019da Grani A\u011f\u0131r Delilo Yeni 2022 &#8211; Tufan Derince ft. Grup Seyran\">\n<div class=\"col-lg-3 col-sm-4 col-xs-6\">\n<div class=\"panel panel-info item-video\">\n  <div class=\"panel-body emd-vid\">\n            <div class=\"thumbnail\" style=\"padding:0;border: 0;border-bottom-left-radius: 0;border-bottom-right-radius: 0;\">\n                <img decoding=\"async\" style=\"width:100%;height:auto;\" src=\"https:\/\/img.youtube.com\/vi\/mG2rzIk_T5A\/mqdefault.jpg\" alt=\"Londra\u2019da Grani A\u011f\u0131r Delilo Yeni 2022 &#8211; Tufan Derince ft. Grup Seyran\" \/>\n            <\/div>\n  <\/div>\n  <div class=\"panel-footer\" style=\"background-color: rgba(0, 0, 0, 0);\">Londra\u2019da Grani A\u011f\u0131r Delilo Yeni 2022 &#8211; Tufan Derince ft. Grup Seyran<\/div>\n<\/div>\n <\/div>\n<\/a><a href=\"https:\/\/tufanderince.com\/?emd_video=tufan-derince-grup-seyran-grani-paris-dugunu\" title=\"Tufan Derince &#038; Grup Seyran Grani &#8211; Paris D\u00fc\u011f\u00fcn\u00fc\">\n<div class=\"col-lg-3 col-sm-4 col-xs-6\">\n<div class=\"panel panel-info item-video\">\n  <div class=\"panel-body emd-vid\">\n            <div class=\"thumbnail\" style=\"padding:0;border: 0;border-bottom-left-radius: 0;border-bottom-right-radius: 0;\">\n                <img decoding=\"async\" style=\"width:100%;height:auto;\" src=\"https:\/\/img.youtube.com\/vi\/4eTBH4fPjBo\/mqdefault.jpg\" alt=\"Tufan Derince &#038; Grup Seyran Grani &#8211; Paris D\u00fc\u011f\u00fcn\u00fc\" \/>\n            <\/div>\n  <\/div>\n  <div class=\"panel-footer\" style=\"background-color: rgba(0, 0, 0, 0);\">Tufan Derince &#038; Grup Seyran Grani &#8211; Paris D\u00fc\u011f\u00fcn\u00fc<\/div>\n<\/div>\n <\/div>\n<\/a><a href=\"https:\/\/tufanderince.com\/?emd_video=tufan-derince-fransa-paris-te-halay\" title=\"Tufan Derince Fransa PARIS te Halay\">\n<div class=\"col-lg-3 col-sm-4 col-xs-6\">\n<div class=\"panel panel-info item-video\">\n  <div class=\"panel-body emd-vid\">\n            <div class=\"thumbnail\" style=\"padding:0;border: 0;border-bottom-left-radius: 0;border-bottom-right-radius: 0;\">\n                <img decoding=\"async\" style=\"width:100%;height:auto;\" src=\"https:\/\/img.youtube.com\/vi\/7jYTSYQe7Ic\/mqdefault.jpg\" alt=\"Tufan Derince Fransa PARIS te Halay\" \/>\n            <\/div>\n  <\/div>\n  <div class=\"panel-footer\" style=\"background-color: rgba(0, 0, 0, 0);\">Tufan Derince Fransa PARIS te Halay<\/div>\n<\/div>\n <\/div>\n<\/a><\/div>\t\t\t\t<\/div>\n\t\t\t\t<\/div>\n\t\t\t\t\n","protected":false},"excerpt":{"rendered":"","protected":false},"author":1,"featured_media":0,"parent":0,"menu_order":0,"comment_status":"closed","ping_status":"closed","template":"","meta":{"footnotes":""},"class_list":["post-175","page","type-page","status-publish","hentry"],"_links":{"self":[{"href":"https:\/\/tufanderince.com\/index.php?rest_route=\/wp\/v2\/pages\/175","targetHints":{"allow":["GET"]}}],"collection":[{"href":"https:\/\/tufanderince.com\/index.php?rest_route=\/wp\/v2\/pages"}],"about":[{"href":"https:\/\/tufanderince.com\/index.php?rest_route=\/wp\/v2\/types\/page"}],"author":[{"embeddable":true,"href":"https:\/\/tufanderince.com\/index.php?rest_route=\/wp\/v2\/users\/1"}],"replies":[{"embeddable":true,"href":"https:\/\/tufanderince.com\/index.php?rest_route=%2Fwp%2Fv2%2Fcomments&post=175"}],"version-history":[{"count":1,"href":"https:\/\/tufanderince.com\/index.php?rest_route=\/wp\/v2\/pages\/175\/revisions"}],"predecessor-version":[{"id":197,"href":"https:\/\/tufanderince.com\/index.php?rest_route=\/wp\/v2\/pages\/175\/revisions\/197"}],"wp:attachment":[{"href":"https:\/\/tufanderince.com\/index.php?rest_route=%2Fwp%2Fv2%2Fmedia&parent=175"}],"curies":[{"name":"wp","href":"https:\/\/api.w.org\/{rel}","templated":true}]}}